{"id":14,"date":"2024-08-15T11:35:37","date_gmt":"2024-08-15T11:35:37","guid":{"rendered":"https:\/\/www.modagriffe.it\/abbigliamento\/?page_id=14"},"modified":"2024-08-15T11:35:42","modified_gmt":"2024-08-15T11:35:42","slug":"rimborso_reso","status":"publish","type":"page","link":"https:\/\/www.modagriffe.it\/abbigliamento\/rimborso_reso\/","title":{"rendered":"Politica di rimborso e reso"},"content":{"rendered":"\n<p>Ogni cliente che acquista su <a href=\"http:\/\/www.modagriffe.it\">www.modagriffe.it<\/a> ha il diritto di esercitare il recesso entro 14 giorni dalla ricezione della merce.<\/p>\n\n\n\n<p>Questo diritto le permette di restituire il prodotto acquistato di cui non \u00e8 pi\u00f9 interessato. Su Modagriffe, la procedura di reso \u00e8 semplice e pu\u00f2 essere effettuata direttamente dal suo pannello utente con pochi clic. In alternativa, pu\u00f2 comunicarci la sua intenzione di recedere via email o posta, seguendo le istruzioni indicate nel modulo di reso.<\/p>\n\n\n\n<p>Per avviare la procedura, acceda al suo storico ordini, selezioni l&#8217;ordine per cui desidera recedere e segua i passaggi indicati. In caso scelga questa opzione, ricever\u00e0 una conferma di ricezione del recesso tramite posta elettronica.<\/p>\n\n\n\n<p>Il reso \u00e8 a carico del Cliente.<\/p>\n\n\n\n<p>Una volta che il prodotto sar\u00e0 rientrato nei nostri magazzini, procederemo con il rimborso o emetteremo un credito senza scadenza da utilizzare su <a href=\"http:\/\/www.modagriffe.it\">www.modagriffe.it<\/a>.<\/p>\n\n\n\n<p>Nota: Il rimborso o il credito emesso non includer\u00e0 le spese di spedizione iniziali.<\/p>\n\n\n\n<p>Il recesso pu\u00f2 essere esercitato entro 14 giorni dalla ricezione della merce. Il reso \u00e8 gratuito e sar\u00e0 gestito a spese di Modagriffe tramite il nostro corriere.<\/p>\n\n\n\n<p>In caso di difficolt\u00e0, pu\u00f2 contattare assistenza@modagriffe.it per ricevere assistenza e completare il reso.<\/p>\n\n\n\n<p><strong>Esclusione del recesso:<\/strong><\/p>\n\n\n\n<p>Se usufruisce del reso gratuito, i prodotti devono essere restituiti nel loro imballo originale. La direzione si riserva il diritto di valutare eventuali anomalie e addebitare costi aggiuntivi per il ricondizionamento.<\/p>\n\n\n\n<p>Il diritto di recesso non si applica nei seguenti casi:<\/p>\n\n\n\n<p>a) Contratti di servizi completati, se l&#8217;esecuzione \u00e8 iniziata con l&#8217;accordo espresso del consumatore e con l&#8217;accettazione della perdita del diritto di recesso a seguito della piena esecuzione del contratto.<\/p>\n\n\n\n<p>b) Fornitura di beni o servizi il cui prezzo \u00e8 legato a fluttuazioni di mercato non controllabili dal venditore.<\/p>\n\n\n\n<p>c) Beni confezionati su misura o personalizzati.<\/p>\n\n\n\n<p>d) Beni che rischiano di deteriorarsi o scadere rapidamente.<\/p>\n\n\n\n<p>e) Beni sigillati non restituibili per motivi igienici o di protezione della salute, se aperti dopo la consegna.<\/p>\n\n\n\n<p>f) Beni che, dopo la consegna, risultano inscindibilmente mescolati con altri beni.<\/p>\n\n\n\n<p>g) Bevande alcoliche il cui prezzo \u00e8 stato concordato alla conclusione del contratto, con consegna oltre 30 giorni e con valore dipendente da fluttuazioni di mercato.<\/p>\n\n\n\n<p>h) Contratti per servizi di riparazione o manutenzione urgenti richiesti dal consumatore.<\/p>\n\n\n\n<p>i) Fornitura di registrazioni audio o video sigillate o software sigillato, se aperti dopo la consegna.<\/p>\n\n\n\n<p>l) Fornitura di giornali, periodici e riviste, esclusi contratti di abbonamento.<\/p>\n\n\n\n<p>m) Dopo la terza richiesta di reso entro 12 mesi, le spese di spedizione saranno a carico del cliente.<\/p>\n\n\n\n<p>n) Fornitura di alloggi per fini non residenziali, trasporto di beni, noleggio auto, servizi di catering o attivit\u00e0 del tempo libero con date o periodi specifici.<\/p>\n\n\n\n<p>o) Fornitura di contenuti digitali su supporto non materiale, se l&#8217;esecuzione \u00e8 iniziata con l&#8217;accordo espresso del consumatore e l&#8217;accettazione della perdita del diritto di recesso.<\/p>\n","protected":false},"excerpt":{"rendered":"<p>Ogni cliente che acquista su www.modagriffe.it ha il diritto di esercitare il recesso entro 14 giorni dalla ricezione della merce. Questo diritto le permette di restituire il prodotto acquistato di cui non \u00e8 pi\u00f9 interessato. Su Modagriffe, la procedura di reso \u00e8 semplice e pu\u00f2 essere effettuata direttamente dal suo pannello utente con pochi clic. In alternativa, pu\u00f2 comunicarci la\u2026<\/p>\n","protected":false},"author":1,"featured_media":0,"parent":0,"menu_order":0,"comment_status":"closed","ping_status":"closed","template":"","meta":{"footnotes":""},"class_list":["post-14","page","type-page","status-publish","hentry"],"aioseo_notices":[],"_links":{"self":[{"href":"https:\/\/www.modagriffe.it\/abbigliamento\/wp-json\/wp\/v2\/pages\/14","targetHints":{"allow":["GET"]}}],"collection":[{"href":"https:\/\/www.modagriffe.it\/abbigliamento\/wp-json\/wp\/v2\/pages"}],"about":[{"href":"https:\/\/www.modagriffe.it\/abbigliamento\/wp-json\/wp\/v2\/types\/page"}],"author":[{"embeddable":true,"href":"https:\/\/www.modagriffe.it\/abbigliamento\/wp-json\/wp\/v2\/users\/1"}],"replies":[{"embeddable":true,"href":"https:\/\/www.modagriffe.it\/abbigliamento\/wp-json\/wp\/v2\/comments?post=14"}],"version-history":[{"count":0,"href":"https:\/\/www.modagriffe.it\/abbigliamento\/wp-json\/wp\/v2\/pages\/14\/revisions"}],"wp:attachment":[{"href":"https:\/\/www.modagriffe.it\/abbigliamento\/wp-json\/wp\/v2\/media?parent=14"}],"curies":[{"name":"wp","href":"https:\/\/api.w.org\/{rel}","templated":true}]}}