{"id":13607,"date":"2025-03-15T18:18:24","date_gmt":"2025-03-15T18:18:24","guid":{"rendered":"https:\/\/www.modagriffe.it\/abbigliamento\/prodotto\/only-sons-jeans-warp-skinny-3229-uomo-noos\/"},"modified":"2026-02-04T01:30:22","modified_gmt":"2026-02-04T01:30:22","slug":"only-sons-jeans-warp-skinny-3229-uomo-noos","status":"publish","type":"product","link":"https:\/\/www.modagriffe.it\/abbigliamento\/prodotto\/only-sons-jeans-warp-skinny-3229-uomo-noos\/","title":{"rendered":"ONLY &amp; SONS JEANS WARP SKINNY 3229 UOMO NOOS"},"content":{"rendered":"<p>Mostra il tuo stile personale con elementi cool e intramontabili perfetti per l&#8217;uso quotidiano, sia a scuola che al lavoro.<br \/>\nIl tessuto in denim super stretch offre un comfort incredibile.<br \/>\n&#8211; Tipologia di prodotto : Jeans skinny fit<br \/>\n&#8211; Chiusura : Patta<br \/>\n&#8211; Tasche : Tasche posteriori, Coin pocket, Tasche frontali<br \/>\n&#8211; Fianchi : Vita bassa<br \/>\n&#8211; Dettagli : Passanti per cintura, Applicazione in vera pelle, Fascia elasticizzata in vita<br \/>\n&#8211; Lavaggio : Lavaggio medio per un look denim lavato e vissuto<br \/>\n&#8211; Vestibilit\u00e0 : WARP \u00e8 il nostro modello skinny. Questi jeans sono aderenti dalla vita fino al fondo gamba. Questa vestibilit\u00e0 attillata si sposa perfettamente con la vita bassa, mentre il denim elasticizzato rende questo modello estremamente comodo da indossare<\/p>\n","protected":false},"excerpt":{"rendered":"<p>ONLY &amp; SONS JEANS WARP SKINNY 3229 UOMO NOOS<\/p>\n","protected":false},"featured_media":20327,"comment_status":"open","ping_status":"closed","template":"","meta":[],"product_brand":[],"product_cat":[321,295,307],"product_tag":[],"class_list":{"0":"post-13607","1":"product","2":"type-product","3":"status-publish","4":"has-post-thumbnail","6":"product_cat-jeans-uomo","7":"product_cat-shop","8":"product_cat-uomo-shop","9":"pa_colore-blue-denim","10":"pa_marca-only-sons","11":"pa_taglia-324","12":"pa_taglia-326","13":"pa_taglia-328","15":"first","16":"outofstock","17":"shipping-taxable","18":"purchasable","19":"product-type-variable","20":"has-default-attributes","21":"add-to-wishlist-after_add_to_cart"},"aioseo_notices":[],"_links":{"self":[{"href":"https:\/\/www.modagriffe.it\/abbigliamento\/wp-json\/wp\/v2\/product\/13607","targetHints":{"allow":["GET"]}}],"collection":[{"href":"https:\/\/www.modagriffe.it\/abbigliamento\/wp-json\/wp\/v2\/product"}],"about":[{"href":"https:\/\/www.modagriffe.it\/abbigliamento\/wp-json\/wp\/v2\/types\/product"}],"replies":[{"embeddable":true,"href":"https:\/\/www.modagriffe.it\/abbigliamento\/wp-json\/wp\/v2\/comments?post=13607"}],"wp:featuredmedia":[{"embeddable":true,"href":"https:\/\/www.modagriffe.it\/abbigliamento\/wp-json\/wp\/v2\/media\/20327"}],"wp:attachment":[{"href":"https:\/\/www.modagriffe.it\/abbigliamento\/wp-json\/wp\/v2\/media?parent=13607"}],"wp:term":[{"taxonomy":"product_brand","embeddable":true,"href":"https:\/\/www.modagriffe.it\/abbigliamento\/wp-json\/wp\/v2\/product_brand?post=13607"},{"taxonomy":"product_cat","embeddable":true,"href":"https:\/\/www.modagriffe.it\/abbigliamento\/wp-json\/wp\/v2\/product_cat?post=13607"},{"taxonomy":"product_tag","embeddable":true,"href":"https:\/\/www.modagriffe.it\/abbigliamento\/wp-json\/wp\/v2\/product_tag?post=13607"}],"curies":[{"name":"wp","href":"https:\/\/api.w.org\/{rel}","templated":true}]}}