{"id":14701,"date":"2025-03-28T17:36:35","date_gmt":"2025-03-28T17:36:35","guid":{"rendered":"https:\/\/www.modagriffe.it\/abbigliamento\/prodotto\/lacoste-t-shirt-m-m-uomo\/"},"modified":"2025-10-06T16:53:36","modified_gmt":"2025-10-06T16:53:36","slug":"lacoste-t-shirt-m-m-uomo","status":"publish","type":"product","link":"https:\/\/www.modagriffe.it\/abbigliamento\/prodotto\/lacoste-t-shirt-m-m-uomo\/","title":{"rendered":"LACOSTE T-SHIRT M\/M UOMO"},"content":{"rendered":"<p>Lacoste, esperta di abbigliamento sportivo dal 1933, si impegna a utilizzare tessuti della migliore qualit\u00e0. Questa t-shirt versatile ed essenziale \u00e8 realizzata in cotone di alta qualit\u00e0, coltivato in Per\u00f9, particolarmente fine, leggero, resistente e con una leggera lucentezza.Pregiato cotone Pima<br \/>\nTaglio dritto, regular<br \/>\nPeso: 130 g\/m\u00b2<br \/>\nCoccodrillo ricamato sul petto<br \/>\nCotone (100%)<\/p>\n","protected":false},"excerpt":{"rendered":"<p>LACOSTE T-SHIRT M\/M UOMO<\/p>\n","protected":false},"featured_media":20887,"comment_status":"open","ping_status":"closed","template":"","meta":[],"product_brand":[],"product_cat":[295,335,307],"product_tag":[],"class_list":{"0":"post-14701","1":"product","2":"type-product","3":"status-publish","4":"has-post-thumbnail","6":"product_cat-shop","7":"product_cat-t_shirt-manica-corta","8":"product_cat-uomo-shop","9":"pa_colore-blu","10":"pa_marca-lacoste","11":"pa_taglia-l","13":"first","14":"outofstock","15":"shipping-taxable","16":"purchasable","17":"product-type-variable","18":"add-to-wishlist-after_add_to_cart"},"aioseo_notices":[],"_links":{"self":[{"href":"https:\/\/www.modagriffe.it\/abbigliamento\/wp-json\/wp\/v2\/product\/14701","targetHints":{"allow":["GET"]}}],"collection":[{"href":"https:\/\/www.modagriffe.it\/abbigliamento\/wp-json\/wp\/v2\/product"}],"about":[{"href":"https:\/\/www.modagriffe.it\/abbigliamento\/wp-json\/wp\/v2\/types\/product"}],"replies":[{"embeddable":true,"href":"https:\/\/www.modagriffe.it\/abbigliamento\/wp-json\/wp\/v2\/comments?post=14701"}],"wp:featuredmedia":[{"embeddable":true,"href":"https:\/\/www.modagriffe.it\/abbigliamento\/wp-json\/wp\/v2\/media\/20887"}],"wp:attachment":[{"href":"https:\/\/www.modagriffe.it\/abbigliamento\/wp-json\/wp\/v2\/media?parent=14701"}],"wp:term":[{"taxonomy":"product_brand","embeddable":true,"href":"https:\/\/www.modagriffe.it\/abbigliamento\/wp-json\/wp\/v2\/product_brand?post=14701"},{"taxonomy":"product_cat","embeddable":true,"href":"https:\/\/www.modagriffe.it\/abbigliamento\/wp-json\/wp\/v2\/product_cat?post=14701"},{"taxonomy":"product_tag","embeddable":true,"href":"https:\/\/www.modagriffe.it\/abbigliamento\/wp-json\/wp\/v2\/product_tag?post=14701"}],"curies":[{"name":"wp","href":"https:\/\/api.w.org\/{rel}","templated":true}]}}