{"id":14774,"date":"2025-03-29T16:38:17","date_gmt":"2025-03-29T16:38:17","guid":{"rendered":"https:\/\/www.modagriffe.it\/abbigliamento\/prodotto\/geox-polo-mezza-manica-uomo-piquet\/"},"modified":"2026-02-06T01:22:26","modified_gmt":"2026-02-06T01:22:26","slug":"geox-polo-mezza-manica-uomo-piquet","status":"publish","type":"product","link":"https:\/\/www.modagriffe.it\/abbigliamento\/prodotto\/geox-polo-mezza-manica-uomo-piquet\/","title":{"rendered":"GEOX POLO MEZZA MANICA  UOMO PIQUET"},"content":{"rendered":"<p>Polo uomo a manica corta dallo stile casual, caratterizzata da spacchetti laterali. Proposta in una versatile tonalit\u00e0 bianca, \u00e8 realizzata in cotone piquet, con dettagli a righe sui polsini delle maniche. Pratica e confortevole, \u00e8 una vera icona del guardaroba maschile ed \u00e8 l&#8217;ideale per completare gli outfit cittadini informali e i look del tempo libero.<\/p>\n","protected":false},"excerpt":{"rendered":"<p>GEOX POLO MEZZA MANICA  UOMO PIQUET<\/p>\n","protected":false},"featured_media":20610,"comment_status":"open","ping_status":"closed","template":"","meta":[],"product_brand":[],"product_cat":[331,295,307],"product_tag":[],"class_list":{"0":"post-14774","1":"product","2":"type-product","3":"status-publish","4":"has-post-thumbnail","6":"product_cat-polo-uomo","7":"product_cat-shop","8":"product_cat-uomo-shop","9":"pa_colore-bianco","10":"pa_marca-geox","11":"pa_taglia-3xl","12":"pa_taglia-l","13":"pa_taglia-s","15":"first","16":"instock","17":"shipping-taxable","18":"purchasable","19":"product-type-variable","20":"has-default-attributes","21":"add-to-wishlist-after_add_to_cart"},"aioseo_notices":[],"_links":{"self":[{"href":"https:\/\/www.modagriffe.it\/abbigliamento\/wp-json\/wp\/v2\/product\/14774","targetHints":{"allow":["GET"]}}],"collection":[{"href":"https:\/\/www.modagriffe.it\/abbigliamento\/wp-json\/wp\/v2\/product"}],"about":[{"href":"https:\/\/www.modagriffe.it\/abbigliamento\/wp-json\/wp\/v2\/types\/product"}],"replies":[{"embeddable":true,"href":"https:\/\/www.modagriffe.it\/abbigliamento\/wp-json\/wp\/v2\/comments?post=14774"}],"wp:featuredmedia":[{"embeddable":true,"href":"https:\/\/www.modagriffe.it\/abbigliamento\/wp-json\/wp\/v2\/media\/20610"}],"wp:attachment":[{"href":"https:\/\/www.modagriffe.it\/abbigliamento\/wp-json\/wp\/v2\/media?parent=14774"}],"wp:term":[{"taxonomy":"product_brand","embeddable":true,"href":"https:\/\/www.modagriffe.it\/abbigliamento\/wp-json\/wp\/v2\/product_brand?post=14774"},{"taxonomy":"product_cat","embeddable":true,"href":"https:\/\/www.modagriffe.it\/abbigliamento\/wp-json\/wp\/v2\/product_cat?post=14774"},{"taxonomy":"product_tag","embeddable":true,"href":"https:\/\/www.modagriffe.it\/abbigliamento\/wp-json\/wp\/v2\/product_tag?post=14774"}],"curies":[{"name":"wp","href":"https:\/\/api.w.org\/{rel}","templated":true}]}}