{"id":14829,"date":"2025-03-29T17:03:53","date_gmt":"2025-03-29T17:03:53","guid":{"rendered":"https:\/\/www.modagriffe.it\/abbigliamento\/prodotto\/geox-polo-manica-corta-uomo-piquet-2\/"},"modified":"2026-02-04T01:32:51","modified_gmt":"2026-02-04T01:32:51","slug":"geox-polo-manica-corta-uomo-piquet-2","status":"publish","type":"product","link":"https:\/\/www.modagriffe.it\/abbigliamento\/prodotto\/geox-polo-manica-corta-uomo-piquet-2\/","title":{"rendered":"GEOX POLO MANICA CORTA  UOMO PIQUET"},"content":{"rendered":"<p>La polo da uomo a manica corta della collezione primavera\/estate Geox \u00e8 perfetta per un look casual e informale. Realizzata in cotone piqu\u00e9, offre un comfort eccezionale e un&#8217;ottima traspirabilit\u00e0. I dettagli a righe sul colletto e le maniche aggiungono un tocco di eleganza discreta, mentre gli spacchetti laterali migliorano la vestibilit\u00e0 e il comfort. La chiusura a due bottoni completa il design, rendendo questa polo un capo versatile e facilmente abbinabile a qualsiasi outfit casual.<\/p>\n","protected":false},"excerpt":{"rendered":"<p>GEOX POLO MANICA CORTA  UOMO PIQUET<\/p>\n","protected":false},"featured_media":20627,"comment_status":"open","ping_status":"closed","template":"","meta":[],"product_brand":[],"product_cat":[331,295,307],"product_tag":[],"class_list":{"0":"post-14829","1":"product","2":"type-product","3":"status-publish","4":"has-post-thumbnail","6":"product_cat-polo-uomo","7":"product_cat-shop","8":"product_cat-uomo-shop","9":"pa_colore-azzurro","10":"pa_colore-blu","11":"pa_marca-geox","12":"pa_taglia-3xl","13":"pa_taglia-l","14":"pa_taglia-m","15":"pa_taglia-s","17":"first","18":"outofstock","19":"shipping-taxable","20":"purchasable","21":"product-type-variable","22":"has-default-attributes","23":"add-to-wishlist-after_add_to_cart"},"aioseo_notices":[],"_links":{"self":[{"href":"https:\/\/www.modagriffe.it\/abbigliamento\/wp-json\/wp\/v2\/product\/14829","targetHints":{"allow":["GET"]}}],"collection":[{"href":"https:\/\/www.modagriffe.it\/abbigliamento\/wp-json\/wp\/v2\/product"}],"about":[{"href":"https:\/\/www.modagriffe.it\/abbigliamento\/wp-json\/wp\/v2\/types\/product"}],"replies":[{"embeddable":true,"href":"https:\/\/www.modagriffe.it\/abbigliamento\/wp-json\/wp\/v2\/comments?post=14829"}],"wp:featuredmedia":[{"embeddable":true,"href":"https:\/\/www.modagriffe.it\/abbigliamento\/wp-json\/wp\/v2\/media\/20627"}],"wp:attachment":[{"href":"https:\/\/www.modagriffe.it\/abbigliamento\/wp-json\/wp\/v2\/media?parent=14829"}],"wp:term":[{"taxonomy":"product_brand","embeddable":true,"href":"https:\/\/www.modagriffe.it\/abbigliamento\/wp-json\/wp\/v2\/product_brand?post=14829"},{"taxonomy":"product_cat","embeddable":true,"href":"https:\/\/www.modagriffe.it\/abbigliamento\/wp-json\/wp\/v2\/product_cat?post=14829"},{"taxonomy":"product_tag","embeddable":true,"href":"https:\/\/www.modagriffe.it\/abbigliamento\/wp-json\/wp\/v2\/product_tag?post=14829"}],"curies":[{"name":"wp","href":"https:\/\/api.w.org\/{rel}","templated":true}]}}