{"id":15168,"date":"2025-04-15T08:19:33","date_gmt":"2025-04-15T08:19:33","guid":{"rendered":"https:\/\/www.modagriffe.it\/abbigliamento\/prodotto\/calvin-klein-jeans-donna-2\/"},"modified":"2026-02-06T01:18:17","modified_gmt":"2026-02-06T01:18:17","slug":"calvin-klein-jeans-donna-2","status":"publish","type":"product","link":"https:\/\/www.modagriffe.it\/abbigliamento\/prodotto\/calvin-klein-jeans-donna-2\/","title":{"rendered":"CALVIN KLEIN JEANS DONNA"},"content":{"rendered":"<p>Calvin Klein Jeans jeans barrel fit con vita alta. Modello realizzato in denim a tinta unita. Tessuto di cotone confortevole.<br \/>\n&#8211; Almeno il 20% del prodotto \u00e8 realizzato in cotone riciclato invece di cotone nuovo. Ci\u00f2 riduce la quantit\u00e0 di acqua, energia e rifiuti.<br \/>\n&#8211; Modello con vita alta e chiusura a bottone e cerniera.<br \/>\n&#8211; Tre tasche laterali a filetto davanti.<br \/>\n&#8211; Due tasche laterali a filetto sul fondo.<br \/>\n&#8211; Gamba ampia.<br \/>\n&#8211; Larghezza in vita: 36 cm.<br \/>\n&#8211; Larghezza dei fianchi: 48 cm.<br \/>\n&#8211; Altezza della vita: 30 cm.<br \/>\n&#8211; Lunghezza esterna della gamba: 100 cm.<br \/>\n&#8211; Misure per la taglia: 27\/32.<\/p>\n","protected":false},"excerpt":{"rendered":"<p>CALVIN KLEIN JEANS DONNA<\/p>\n","protected":false},"featured_media":15642,"comment_status":"open","ping_status":"closed","template":"","meta":[],"product_brand":[],"product_cat":[347,351,295],"product_tag":[],"class_list":{"0":"post-15168","1":"product","2":"type-product","3":"status-publish","4":"has-post-thumbnail","6":"product_cat-donna-shop","7":"product_cat-jeans-donna-donna-shop","8":"product_cat-shop","9":"pa_colore-jeans-scuro","10":"pa_marca-calvin-klein","11":"pa_taglia-354","12":"pa_taglia-355","13":"pa_taglia-323","14":"pa_taglia-324","16":"first","17":"instock","18":"shipping-taxable","19":"purchasable","20":"product-type-variable","21":"has-default-attributes","22":"add-to-wishlist-after_add_to_cart"},"aioseo_notices":[],"_links":{"self":[{"href":"https:\/\/www.modagriffe.it\/abbigliamento\/wp-json\/wp\/v2\/product\/15168","targetHints":{"allow":["GET"]}}],"collection":[{"href":"https:\/\/www.modagriffe.it\/abbigliamento\/wp-json\/wp\/v2\/product"}],"about":[{"href":"https:\/\/www.modagriffe.it\/abbigliamento\/wp-json\/wp\/v2\/types\/product"}],"replies":[{"embeddable":true,"href":"https:\/\/www.modagriffe.it\/abbigliamento\/wp-json\/wp\/v2\/comments?post=15168"}],"wp:featuredmedia":[{"embeddable":true,"href":"https:\/\/www.modagriffe.it\/abbigliamento\/wp-json\/wp\/v2\/media\/15642"}],"wp:attachment":[{"href":"https:\/\/www.modagriffe.it\/abbigliamento\/wp-json\/wp\/v2\/media?parent=15168"}],"wp:term":[{"taxonomy":"product_brand","embeddable":true,"href":"https:\/\/www.modagriffe.it\/abbigliamento\/wp-json\/wp\/v2\/product_brand?post=15168"},{"taxonomy":"product_cat","embeddable":true,"href":"https:\/\/www.modagriffe.it\/abbigliamento\/wp-json\/wp\/v2\/product_cat?post=15168"},{"taxonomy":"product_tag","embeddable":true,"href":"https:\/\/www.modagriffe.it\/abbigliamento\/wp-json\/wp\/v2\/product_tag?post=15168"}],"curies":[{"name":"wp","href":"https:\/\/api.w.org\/{rel}","templated":true}]}}