{"id":5493,"date":"2025-02-27T17:24:53","date_gmt":"2025-02-27T17:24:53","guid":{"rendered":"https:\/\/www.modagriffe.it\/abbigliamento\/prodotto\/guess-t-shirt-mezza-manica-donna\/"},"modified":"2025-10-15T22:10:06","modified_gmt":"2025-10-15T22:10:06","slug":"guess-t-shirt-mezza-manica-donna","status":"publish","type":"product","link":"https:\/\/www.modagriffe.it\/abbigliamento\/prodotto\/guess-t-shirt-mezza-manica-donna\/","title":{"rendered":"CALVIN KLEIN  T-SHIRT MEZZA MANICA DONNA"},"content":{"rendered":"<p>INCONFONDIBILE E INTRAMONTABILE: L&#8217;originale t-shirt Calvin Klein presenta un design essenziale e conquista per il suo look sportivo. Il logo Calvin Klein sul petto impreziosisce la maglietta<br \/>\nVESTIBILIT\u00c0 OTTIMALE: Questo capo dal design minimalista con vestibilit\u00e0 regolare \u00e8 comodo e offre una libert\u00e0 di movimento ottimale. Il materiale di ottima qualit\u00e0 dona un&#8217;ottima sensazione sulla pelle e assicura e un ottimo comfort<br \/>\nPER OGNI OCCASIONE: La maglietta basic si distingue per il suo ottimo tessuto in jersey di cotone ed \u00e8 ottimo da indossare tutti i giorni o in ufficio. Poco importa se la indossi da sola o sotto un pullover, \u00e8 la scelta ottimo per ogni occasione<br \/>\nMATERIALE E LAVAGGIO: Questa t-shirt \u00e8 realizzata al 100% in cotone rigenerato. \u00c8 lavabile in lavatrice e adatta all&#8217;asciugatrice<br \/>\nSEMPLICIT\u00c0 E FASCINO: Creato nel 1968, il marchio Calvin Klein \u00e8 famoso per il suo look inconfondibile, che lo ha reso da subito un&#8217;ispirazione per il mondo della moda. Il brand americano \u00e8 caratterizzato da un&#8217;estetica minimalista<\/p>\n","protected":false},"excerpt":{"rendered":"<p>CALVIN KLEIN  T-SHIRT MEZZA MANICA DONNA<\/p>\n","protected":false},"featured_media":5526,"comment_status":"open","ping_status":"closed","template":"","meta":[],"product_brand":[],"product_cat":[347,295,348],"product_tag":[],"class_list":{"0":"post-5493","1":"product","2":"type-product","3":"status-publish","4":"has-post-thumbnail","6":"product_cat-donna-shop","7":"product_cat-shop","8":"product_cat-t_shirt-donna","9":"pa_colore-bianco","10":"pa_colore-nero","11":"pa_colore-rosa-antico","12":"pa_marca-calvin-klein","13":"pa_taglia-l","14":"pa_taglia-m","15":"pa_taglia-s","16":"pa_taglia-xl","17":"pa_taglia-xs","19":"first","20":"outofstock","21":"shipping-taxable","22":"purchasable","23":"product-type-variable","24":"has-default-attributes","25":"add-to-wishlist-after_add_to_cart"},"aioseo_notices":[],"_links":{"self":[{"href":"https:\/\/www.modagriffe.it\/abbigliamento\/wp-json\/wp\/v2\/product\/5493","targetHints":{"allow":["GET"]}}],"collection":[{"href":"https:\/\/www.modagriffe.it\/abbigliamento\/wp-json\/wp\/v2\/product"}],"about":[{"href":"https:\/\/www.modagriffe.it\/abbigliamento\/wp-json\/wp\/v2\/types\/product"}],"replies":[{"embeddable":true,"href":"https:\/\/www.modagriffe.it\/abbigliamento\/wp-json\/wp\/v2\/comments?post=5493"}],"wp:featuredmedia":[{"embeddable":true,"href":"https:\/\/www.modagriffe.it\/abbigliamento\/wp-json\/wp\/v2\/media\/5526"}],"wp:attachment":[{"href":"https:\/\/www.modagriffe.it\/abbigliamento\/wp-json\/wp\/v2\/media?parent=5493"}],"wp:term":[{"taxonomy":"product_brand","embeddable":true,"href":"https:\/\/www.modagriffe.it\/abbigliamento\/wp-json\/wp\/v2\/product_brand?post=5493"},{"taxonomy":"product_cat","embeddable":true,"href":"https:\/\/www.modagriffe.it\/abbigliamento\/wp-json\/wp\/v2\/product_cat?post=5493"},{"taxonomy":"product_tag","embeddable":true,"href":"https:\/\/www.modagriffe.it\/abbigliamento\/wp-json\/wp\/v2\/product_tag?post=5493"}],"curies":[{"name":"wp","href":"https:\/\/api.w.org\/{rel}","templated":true}]}}